{"id":223,"date":"2017-08-11T11:43:01","date_gmt":"2017-08-11T11:43:01","guid":{"rendered":"http:\/\/isb-systems.com\/?page_id=223"},"modified":"2017-08-17T10:23:55","modified_gmt":"2017-08-17T10:23:55","slug":"agb","status":"publish","type":"page","link":"https:\/\/isb-systems.com\/?page_id=223","title":{"rendered":"AGB"},"content":{"rendered":"<p>Allgemeines:<\/p>\n<p>Unter Zugrundelegung der \u201eAllgemeinen Lieferbedingungen\u201c f\u00fcr Erzeugnisse und Leistungen der Elektroindustrie verkaufen wir zu nachfolgenden Bedingungen, soweit nicht ausdr\u00fccklich schriftlich andere Vereinbarungen getroffen sind. Dies letztere trifft vor allem zu auf Exportgesch\u00e4fte, f\u00fcr die die jeweilig zugrunde gelegten gebr\u00e4uchlichen Au\u00dfenhandelsklauseln Anwendung finden.Unsere Lieferbedingungen haben Geltung auch dann, wenn der Besteller in seinen Einkaufsbedingungen die G\u00fcltigkeit der Verkaufsbedingungen des Lieferanten ausschlie\u00dft und ein ausdr\u00fccklicher Widerspruch dagegen von unserer Seite nicht erfolgt. M\u00fcndlich getroffene Vereinbarungen und besondere Abreden bed\u00fcrfen zur Verbindlichkeit der schriftlichen Best\u00e4tigung durch uns.<\/p>\n<p>Preise:<\/p>\n<p>Preise verstehen sich ab Lager Bamberg zzgl. gesetzl. MwSt. Kostenvoranschl\u00e4ge sind unverbindlich, es sei denn, das Gegenteil wird ausdr\u00fccklich schriftlich vereinbart. Angebotspreise gelten nur bei Abnahme der gesamten angebotenen Ware bzw. Menge. Wir behalten uns vor, Preise auch nach Abschluss des Vertrages bis zur Lieferung, aufgrund nicht zu vertretender bzw. nicht mit\u00a0hinreichender Bestimmtheit vorhersehbaren Umst\u00e4nde bspw. Tarifabschl\u00fcssen, Rohstoffpreis\u00e4nderungen, sonstiger Preis\u00e4nderungen der Zulieferer oder Wechselkursschwankungen, anzupassen.<\/p>\n<p>Verpackung:<\/p>\n<p>Die Verpackung wird zu Selbstkosten berechnet. Bei R\u00fccksendung frachtfrei wird wiederverwendungsf\u00e4hige Verpackung zu des berechneten Wertes gutgeschrieben.\u00a0Bei Beh\u00e4lterversand wird die Beh\u00e4ltermiete analog der Verpackung behandelt.<\/p>\n<p>Lieferung:<\/p>\n<p>Die Preise gelten brutto ab Werk ausschlie\u00dflich Verpackung; diese wird zum Selbstkostenpreis berechnet. Auftrags\u00e4nderungen und Stornierungen bed\u00fcrfen der Schriftform.Die Lieferung erfolgt auf Gefahr des Bestellers; eine Transportversicherung wird von uns nicht gedeckt.<\/p>\n<p>Lieferfrist:<\/p>\n<p>Die in den Auftragsbest\u00e4tigungen jeweils angegebenen Lieferfristen werden weitgehendst erf\u00fcllt; sie sind jedoch nicht verbindlich. Das Recht, Teillieferungen zu vollziehen, bleibt vorbehalten. Irgendwelche Anspr\u00fcche auf Grund versp\u00e4teter Lieferungen werden nicht anerkannt.<\/p>\n<p>Gefahren\u00fcbergang:<\/p>\n<p>Die Gefahr geht auf den Besteller \u00fcber, sobald die Sendung unser Werk verl\u00e4sst. Das Transportrisiko geht zu Lasten des Empf\u00e4ngers.\u00a0F\u00fcr Transportbruch wird kein Ersatz geleistet, wenn die Bruchversicherung in H\u00f6he von 1% des Netto-Rechnungsbetrages abgelehnt wird.<\/p>\n<p>Eigentumsvorbehalt:<\/p>\n<p>Die gelieferten Waren verbleiben Eigentum der ISB Systems GmbH, bis s\u00e4mtliche gegen den Besteller zustehenden Anspr\u00fcche restlos erf\u00fcllt sind. Der Besteller darf \u00fcber die Vor-behaltsware im gew\u00f6hnlichen Gesch\u00e4ftsverkehr verf\u00fcgen. Verpf\u00e4ndungen, Sicherungs\u00fcbereignungen und dergleichen sind ihm untersagt, etwaige Pf\u00e4ndungen und sonstige Beeintr\u00e4chtigungen\u00a0der Vorbehaltsware durch Dritte sind uns unverz\u00fcglich anzuzeigen. Der K\u00e4ufer tritt schon jetzt seine Forderung aus dem Weiterverkauf der Vorbehaltsware an den Verk\u00e4ufer ab und erm\u00e4chtigt den Verk\u00e4ufer zur Einziehung. Der K\u00e4ufer bleibt zur Einziehung der Forderung trotz der vorstehend vereinbarten Abtretung bis auf unseren schriftlichen Widerruf hin erm\u00e4chtigt. Auf unser Verlangen hat der K\u00e4ufer dem Schuldner die Abtretung der Forderung mitzuteilen. Dem Verk\u00e4ufer wird das Recht einger\u00e4umt, diese Abtretung anzuzeigen. Der Eigentumsvorbehalt erstreckt sich auch auf die durch Verarbeitung, Vermischung oder Verbindung unserer Ware entstehenden Erzeugnisse zu deren vollem Wert. Hierbei gelten wir als Hersteller, der von dem K\u00e4ufer von allen Verpflichtungen hieraus freigestellt wird. Bleibt bei einer Verarbeitung, Vermischung oder Verbindung mit Waren Dritter deren Eigentumsrecht bestehen, so erwerben wir Miteigentum an den neu entstehenden Erzeugnissen im Verh\u00e4ltnis der Rechnungswerte der verarbeiteten Waren. Wir sind berechtigt, das Warenlager des K\u00e4ufers selbst oder durch Bevollm\u00e4chtigte zur Feststellung der unter Eigentumsvorbehalt stehenden Waren zu betreten. Wir verpflichten uns, die bestehende Sicherung nach unserer Wahl insoweit freizugeben, als ihr Wert die zu sichernden Forderungen um 20% \u00fcbersteigt.<\/p>\n<p>M\u00e4ngelr\u00fcgen:<\/p>\n<p>Beanstandungen gelieferter Waren k\u00f6nnen nur innerhalb von 8 Tagen nach Empfang der Waren Ber\u00fccksichtigung finden. Die Berechtigung der Beanstandung ist vom Besteller nachzuweisen.\u00a0Wird der Mangel von uns anerkannt, so behalten wir uns wahlweise das Recht vor, die beanstandeten Waren unter R\u00fcckg\u00e4ngigmachung des Kaufvertrages zur\u00fcckzunehmen oder in\u00a0angemessener Frist kostenlosen Ersatz zu leisten oder den Minderwert der Ware gutzuschreiben.<\/p>\n<p>Gew\u00e4hrleistung:<\/p>\n<p>Gew\u00e4hrleistung f\u00fcr M\u00e4ngel kann nur \u00fcbernommen werden, wenn diese nachweisbar infolge von Umst\u00e4nden eingetreten sind, die vor dem Zeitpunkt des Gefahren\u00fcbergangs liegen. Zeitlich\u00a0beschr\u00e4nkt sich die Gew\u00e4hrleistung auf einen Zeitraum von h\u00f6chstens 12 Monaten nach dem Gefahren\u00fcbergang. Festgestellte M\u00e4ngel m\u00fcssen unverz\u00fcglich schriftlich\u00a0gemeldet werden. R\u00fccksendungen werden nur nach vorheriger Verst\u00e4ndigung zugelassen.Wenn die Pr\u00fcfung ergibt, dass ein von uns zu vertretender Fabrikations- oder Materialfehler vorliegt, sind wir zur Nacherf\u00fcllung berechtigt, indem wir nach unserer Wahl den Mangel beseitigen,\u00a0eine mangelfreie Sache liefern oder eine Gutschrift erteilen. Anspr\u00fcche des Bestellers wegen der zum Zweck der Nacherf\u00fcllung erforderlichen Aufwendungen, insbesondere Transport-, Wege-, Arbeits- und Materialkosten sind ausgeschlossen, soweit sich die Aufwendungen durch nachtr\u00e4gliche Verbringung der Waren an einen anderen als den vereinbarten Lieferort erh\u00f6hen.<\/p>\n<p>Schadensersatzanspr\u00fcche<\/p>\n<p>Schadensersatzanspr\u00fcche des Bestellers, gleich aus welchem Rechtsgrund, insbesondere wegen Verletzung von Pflichten aus dem Schuldverh\u00e4ltnis und aus unerlaubter Handlung, sind\u00a0ausgeschlossen. Dies gilt nicht, soweit zwingend gehaftet wird, z. B. nach dem Produkthaftungsgesetz, in F\u00e4llen des Vorsatzes, der groben Fahrl\u00e4ssigkeit, wegen der Verletzung des Lebens,\u00a0des K\u00f6rpers oder der Gesundheit, wegen der Verletzung wesentlicher Vertragspflichten. Der Schadensersatz f\u00fcr die Verletzung wesentlicher Vertragspflichten ist jedoch auf den vertragstypischen, vorhersehbaren Schaden begrenzt, soweit nicht Vorsatz oder grobe Fahrl\u00e4ssigkeit vorliegt oder wegen der Verletzung des Lebens, des K\u00f6rpers oder der Gesundheit gehaftet wird.\u00a0Eine \u00c4nderung der Beweislast zum Nachteil des Bestellers ist mit den vorstehenden Regelungen nicht verbunden.<\/p>\n<p>R\u00fccknahmen:<\/p>\n<p>Die teilweise oder v\u00f6llige Stornierung eines Auftrages durch den K\u00e4ufer ist nur mit unserer vorherigen Zustimmung zul\u00e4ssig. In diesem Fall sind wir berechtigt, zur teilweisen Deckung unserer Kosten 30% des Warenwertes zu berechnen. Bereits gelieferte Ware wird nur, wenn \u00fcberhaupt, in verkaufsf\u00e4higem Zustand, in Originalverpackung zur\u00fcckgenommen. Wir haften nicht f\u00fcr Sch\u00e4den, die durch die Nichteinhaltung der von uns dem Auftraggeber erteilten Instruktionen verursacht werden. Dies gilt auch f\u00fcr den Fall, dass der Auftraggeber Einsatzbedingungen, die eventuell im Zusammenhang mit Produkten in deren Dokumentationen festgelegt sind, nicht einh\u00e4lt. Au\u00dferdem stehen wir nicht ein f\u00fcr die Folgen unsachgem\u00e4\u00df vorgenommener \u00c4nderungen oder\u00a0Instandsetzungsarbeiten des Vertragspartners oder Dritter. Gleiches gilt f\u00fcr M\u00e4ngel, die den Wert oder die Tauglichkeit der Ware nur unerheblich mindern. Sofern wir M\u00e4ngel beheben,\u00a0f\u00fcr die wir nicht einstandspflichtig sind, ist diese Fehlerbeseitigung angemessen zu verg\u00fcten.\u00a0Originalverpackt, unbenutzt und unbesch\u00e4digte Verpackung: 20%\u00a0Originalverpackt, unbenutzt mit besch\u00e4digter Verpackung: 30%<\/p>\n<p>Wir haften nicht f\u00fcr entgangenen Gewinn, ausgebliebene Einsparungen und sonstige mittelbare und unmittelbare Folgesch\u00e4den.<\/p>\n<p>Sonderanfertigungen:<\/p>\n<p>Sonderanfertigungen, Einzelbatterieleuchten, Batteriesysteme, auf Wunsch des Kunden beschaffte Ware, Gl\u00fch-, Leuchtstoff- und LED-Lampen, Akkus und Batterien sowie elektronische\u00a0Schaltger\u00e4te werden nicht zur\u00fcckgenommen. Unser Einverst\u00e4ndnis zur R\u00fccknahme erkl\u00e4ren wir durch Ausstellung eines R\u00fccknahmescheines, den Sie bitte der R\u00fccksendung beif\u00fcgen. Eine\u00a0Gutschrift f\u00fcr original verpackte, g\u00e4ngige und unbesch\u00e4digte Ware erfolgt mit maximal 70% des berechneten Preises. Alle Aufarbeitungs-, Fracht- und Verpackungskosten gehen zus\u00e4tzlich zu Lasten des K\u00e4ufers. R\u00fccksendungen laufen grunds\u00e4tzlich auf Gefahr des r\u00fccksendenden Kunden. Ware welche ohne eine schriftliche Einverst\u00e4ndniserkl\u00e4rung eingesandt wurde erfolgt keine Gutschrift. Die Ware kann auf Kosten des Einsenders entsorgt werden.\u00a0Gewichte, Ma\u00dfe, technische Daten und Abbildungen sind sorgf\u00e4ltig erstellt (Irrtum vorbehalten).<\/p>\n<p>Zahlungsbedingungen:<\/p>\n<p>Die Bezahlung der Rechnungen hat innerhalb von 30 Tagen ab dato Rechnung rein netto ohne jeden Abzug zu erfolgen. Bei Zahlung binnen 8 Tagen ab dato Rechnung gew\u00e4hren wir 2% Skonto vom Netto- warenwert, ebenso bei Vorauskasse. Bei versp\u00e4teter Zahlung behalten wir uns das Recht vor, Verzugszinsen zu erheben, und zwar in H\u00f6he von 5% \u00fcber dem jeweils geltenden\u00a0Basiszinssatzes gem. \u00a7 1 Diskont-\u00dcberleitungs-Gesetz.<\/p>\n<p>Entsorgung:<\/p>\n<p>Der Besteller verpflichtet sich, die Entsorgung der gelieferten Erzeugnisse nach den Bestimmungen des \u201eElektro- und Elektronikger\u00e4tegesetzes &#8211; ElektroG\u201c zu gew\u00e4hrleisten.\u00a0Bei einem Weiterverkauf \u00fcbertr\u00e4gt der Besteller diese Verpflichtung an seinen Vertragspartner.\u00a0F\u00fcr EU-Kunden au\u00dferhalb Deutschlands: Bitte beachten Sie die Umsetzung der WEEE Richtlinie in die nationale Gesetzgebung.Erf\u00fcllungsort und allgemeiner Gerichtsstand f\u00fcr Lieferung und Zahlung, sowie f\u00fcr alle sonstigen Verbindlichkeiten ist ausschlie\u00dflich Bamberg.Erg\u00e4nzend gelten die Allgemeinen Lieferbedingungen f\u00fcr Erzeugnisse und Leistungen der Elektroindustrie.<\/p>\n","protected":false},"excerpt":{"rendered":"<p>Allgemeines: Unter Zugrundelegung der \u201eAllgemeinen Lieferbedingungen\u201c f\u00fcr Erzeugnisse und Leistungen der Elektroindustrie verkaufen wir zu nachfolgenden Bedingungen, soweit nicht ausdr\u00fccklich schriftlich andere Vereinbarungen getroffen sind. Dies letztere trifft vor allem zu auf Exportgesch\u00e4fte, f\u00fcr die die jeweilig zugrunde gelegten gebr\u00e4uchlichen Au\u00dfenhandelsklauseln Anwendung finden.Unsere Lieferbedingungen haben Geltung auch dann, wenn der Besteller in seinen Einkaufsbedingungen die&#8230;<\/p>\n<p class=\"more-link\"><a href=\"https:\/\/isb-systems.com\/?page_id=223\" class=\"\"><span>Read More<\/span><i>&#43;<\/i><\/a><\/p>\n","protected":false},"author":1,"featured_media":0,"parent":43,"menu_order":2,"comment_status":"closed","ping_status":"closed","template":"","meta":{"footnotes":""},"categories":[],"tags":[],"class_list":["post-223","page","type-page","status-publish","hentry"],"_links":{"self":[{"href":"https:\/\/isb-systems.com\/index.php?rest_route=\/wp\/v2\/pages\/223","targetHints":{"allow":["GET"]}}],"collection":[{"href":"https:\/\/isb-systems.com\/index.php?rest_route=\/wp\/v2\/pages"}],"about":[{"href":"https:\/\/isb-systems.com\/index.php?rest_route=\/wp\/v2\/types\/page"}],"author":[{"embeddable":true,"href":"https:\/\/isb-systems.com\/index.php?rest_route=\/wp\/v2\/users\/1"}],"replies":[{"embeddable":true,"href":"https:\/\/isb-systems.com\/index.php?rest_route=%2Fwp%2Fv2%2Fcomments&post=223"}],"version-history":[{"count":5,"href":"https:\/\/isb-systems.com\/index.php?rest_route=\/wp\/v2\/pages\/223\/revisions"}],"predecessor-version":[{"id":1223,"href":"https:\/\/isb-systems.com\/index.php?rest_route=\/wp\/v2\/pages\/223\/revisions\/1223"}],"up":[{"embeddable":true,"href":"https:\/\/isb-systems.com\/index.php?rest_route=\/wp\/v2\/pages\/43"}],"wp:attachment":[{"href":"https:\/\/isb-systems.com\/index.php?rest_route=%2Fwp%2Fv2%2Fmedia&parent=223"}],"wp:term":[{"taxonomy":"category","embeddable":true,"href":"https:\/\/isb-systems.com\/index.php?rest_route=%2Fwp%2Fv2%2Fcategories&post=223"},{"taxonomy":"post_tag","embeddable":true,"href":"https:\/\/isb-systems.com\/index.php?rest_route=%2Fwp%2Fv2%2Ftags&post=223"}],"curies":[{"name":"wp","href":"https:\/\/api.w.org\/{rel}","templated":true}]}}