{"id":43,"date":"2017-08-11T08:27:46","date_gmt":"2017-08-11T08:27:46","guid":{"rendered":"http:\/\/isbsystemsgmbh.apps-1and1.net\/?page_id=43"},"modified":"2017-08-11T11:48:10","modified_gmt":"2017-08-11T11:48:10","slug":"seite3","status":"publish","type":"page","link":"https:\/\/isb-systems.com\/?page_id=43","title":{"rendered":"Impressum"},"content":{"rendered":"<h2><span class=\"subheading-category\">Impressum<\/span><\/h2>\n<div class=\"items-leading clearfix\">\n<div class=\"leading-0\">\n<p><span class=\"\">ISB-Systems GmbH<\/span><br class=\"\" \/> <span class=\"\">Valentinstrasse 45<\/span><br class=\"\" \/> <span class=\"\">96103 Hallstadt<\/span><\/p>\n<div class=\"\">\n<div class=\"\"><br class=\"\" \/> <span class=\"\">Gesch\u00e4ftsf\u00fchrer<\/span><\/div>\n<\/div>\n<div class=\"\">\n<div class=\"\">Matth\u00e4us Kestler<\/div>\n<div class=\"\"><br class=\"\" \/> Registergericht Bamberg, HRB 8893<br class=\"\" \/> Steuernummer: 207\/129\/40388<br class=\"\" \/> UST-ID-Nr. DE815700792<\/div>\n<\/div>\n<p><strong>Rechtshinweis<\/strong><\/p>\n<p>Die ISB-Systems GmbH pr\u00fcft und aktualisiert die Informationen auf ihren Webseiten st\u00e4ndig. Eine Haftung oder Garantie f\u00fcr die Aktualit\u00e4t, Richtigkeit und Vollst\u00e4ndigkeit der zur Verf\u00fcgung gestellten Informationen kann nicht \u00fcbernommen werden. Gleiches gilt auch f\u00fcr alle anderen Websites, auf die mittels Hyperlink verwiesen wird. Die\u00a0ISB-Systems GmbH ist f\u00fcr den Inhalt der Websites, die aufgrund einer solchen Verbindung erreicht werden, nicht verantwortlich. Des weiteren beh\u00e4lt sie sich das Recht vor, \u00c4nderungen oder Erg\u00e4nzungen der bereitgestellten Informationen vorzunehmen. Inhalt und Struktur dieser Website sind urheberrechtlich gesch\u00fctzt. Die Informationen und Daten d\u00fcrfen nur in den engen Grenzen des Urheberrechtsgesetzes zur Information abgerufen werden. Eine gewerbliche oder andere Nutzung der Inhalte sowie nach Art oder Umfang wesentlichen Teilen dieser Website bedarf der schriftlichen Genehmigung der\u00a0ISB-Systems GmbH. Die zum Abruf bereitgehaltenen und angezeigten Aussagen dienen ausschlie\u00dflich der Information und stellen keine Beratung oder sonstige Empfehlung dar. Bitte nehmen Sie Kontakt zur\u00a0ISB-Systems GmbH auf, um auf Ihre Anfrage entsprechende Angebote zu erhalten.<\/p>\n<p>Eine Nutzung unseres Internetauftritts ist nach Ma\u00dfgabe der folgenden Bestimmungen zul\u00e4ssig: Alle Inhalte unserer Internetseiten wurden sorgf\u00e4ltig erarbeitet und werden in regelm\u00e4\u00dfigen Abst\u00e4nden aktualisiert. Gleichwohl k\u00f6nnen Fehler (bspw. technische St\u00f6rungen, Verf\u00e4lschungen durch unbefugte Dritte) auftreten. Wir \u00fcbernehmen daher keine Gew\u00e4hr f\u00fcr die Richtigkeit, Vollst\u00e4ndigkeit und Aktualit\u00e4t der zur Verf\u00fcgung gestellten Inhalte. Dies gilt auch f\u00fcr Informationen auf externen Internetseiten, auf die wir in unserem Internetauftritt durch Links verweisen. Die dort pr\u00e4sentierten Inhalte machen wir uns nicht zu eigen.<\/p>\n<p><strong>Urheberrechte<\/strong><\/p>\n<p>Inhalt und Struktur unseres Internetauftritts sind urheberrechtlich gesch\u00fctzt. Die Vervielf\u00e4ltigung von Informationen oder Daten, insbesondere die Verwendung von Texten, Textteilen oder Bildmaterial bedarf der vorherigen Zustimmung der ISB-Systems GmbH. Der Nutzer darf die Inhalte nur im Rahmen der angebotenen Funktionalit\u00e4ten f\u00fcr seinen pers\u00f6nlichen Gebrauch nutzen. Er erwirbt keinerlei Rechte an den Inhalten oder Programmen. Wird Software zum Download angeboten, beschr\u00e4nkt sich die Nutzungsberechtigung des Nutzers auf die pers\u00f6nliche Verwendung im Rahmen der Nutzung des Internetauftritts. Links auf unsere Internetseiten sind nur nach vorheriger Zustimmung der ISB-Systems GmbH zul\u00e4ssig.<\/p>\n<p><strong>Marken und Logos<\/strong><\/p>\n<p>Die im Internetauftritt verwendeten Marken und Logos sind gesch\u00fctzt. Es ist nicht gestattet, diese Marken oder Logos ohne vorherige Zustimmung der ISB-Systems GmbH zu nutzen. Datenschutz: Dar\u00fcber hinaus verpflichten wir uns, keine Ihrer pers\u00f6nlichen Daten an Dritte weiterzuleiten. Wir garantieren daf\u00fcr, dass keine Ihrer Daten an Dritte f\u00fcr Werbezwecke oder andere Zwecke verkauft oder vermietet werden. Wenn Sie eine Anfrage an uns stellen und dabei Angaben zu Ihrer Person machen, verwenden wir diese Daten nur, soweit es zur Durchf\u00fchrung der Anfrage erforderlich ist.<\/p>\n<p><strong>Datenschutzerkl\u00e4rung<\/strong><\/p>\n<p>Diese Website benutzt Google Analytics, einen Webanalysedienst der Google Inc. (\u201eGoogle\u201c). Google Analytics verwendet sog. \u201eCookies\u201c, Textdateien, die auf Ihrem Computer gespeichert werden und die eine Analyse der Benutzung der Website durch Sie erm\u00f6glichen. Die durch das Cookie erzeugten Informationen \u00fcber Ihre Benutzung dieser Website werden in der Regel an einen Server von Google in den USA \u00fcbertragen und dort gespeichert. Im Falle der Aktivierung der IP-Anonymisierung auf dieser Website, wird Ihre IP-Adresse von Google jedoch innerhalb von Mitgliedstaaten der Europ\u00e4ischen Union oder in anderen Vertragsstaaten des Abkommens \u00fcber den Europ\u00e4ischen Wirtschaftsraum zuvor gek\u00fcrzt. Nur in Ausnahmef\u00e4llen wird die volle IP-Adresse an einen Server von Google in den USA \u00fcbertragen und dort gek\u00fcrzt. Im Auftrag des Betreibers dieser Website wird Google diese Informationen benutzen, um Ihre Nutzung der Website auszuwerten, um Reports \u00fcber die Websiteaktivit\u00e4ten zusammenzustellen und um weitere mit der Websitenutzung und der Internetnutzung verbundene Dienstleistungen gegen\u00fcber dem Websitebetreiber zu erbringen. Die im Rahmen von Google Analytics von Ihrem Browser \u00fcbermittelte IP-Adresse wird nicht mit anderen Daten von Google zusammengef\u00fchrt. Sie k\u00f6nnen die Speicherung der Cookies durch eine entsprechende Einstellung Ihrer Browser-Software verhindern; wir weisen Sie jedoch darauf hin, dass Sie in diesem Fall gegebenenfalls nicht s\u00e4mtliche Funktionen dieser Website vollumf\u00e4nglich werden nutzen k\u00f6nnen. Sie k\u00f6nnen dar\u00fcber hinaus die Erfassung der durch das Cookie erzeugten und auf Ihre Nutzung der Website bezogenen Daten (inkl. Ihrer IP-Adresse) an Google sowie die Verarbeitung dieser Daten durch Google verhindern, indem Sie das unter dem folgenden Link <a href=\"http:\/\/tools.google.com\/dlpage\/gaoptout?hl=de\" target=\"_blank\" rel=\"noopener\">http:\/\/tools.google.com\/dlpage\/gaoptout?hl=de<\/a> verf\u00fcgbare Browser-Plugin herunterladen und installieren.<\/p>\n<p>Sie k\u00f6nnen die Erfassung durch Google Analytics verhindern, indem Sie auf folgenden Link klicken. Es wird ein Opt-Out-Cookie gesetzt, das die zuk\u00fcnftige Erfassung Ihrer Daten beim Besuch dieser Website verhindert:<br \/>\n<a>Opt-Out-Cookie setzen<\/a><\/p>\n<p>N\u00e4here Informationen zu Nutzungsbedingungen und Datenschutz finden Sie unter <a href=\"http:\/\/www.google.com\/analytics\/terms\/de.html\" target=\"_blank\" rel=\"noopener\">http:\/\/www.google.com\/analytics\/terms\/de.html<\/a> bzw. unter\u00a0<a href=\"https:\/\/www.google.de\/intl\/de\/policies\/\" target=\"_blank\" rel=\"noopener\">https:\/\/www.google.de\/intl\/de\/policies\/<\/a>. Wir weisen Sie darauf hin, dass auf dieser Website Google Analytics um den Code \u201eanonymizeIp\u201c erweitert wurde, um eine anonymisierte Erfassung von IP-Adressen (sog. IP-Masking) zu gew\u00e4hrleisten.<\/p>\n<\/div>\n<\/div>\n","protected":false},"excerpt":{"rendered":"<p>Impressum ISB-Systems GmbH Valentinstrasse 45 96103 Hallstadt Gesch\u00e4ftsf\u00fchrer Matth\u00e4us Kestler Registergericht Bamberg, HRB 8893 Steuernummer: 207\/129\/40388 UST-ID-Nr. DE815700792 Rechtshinweis Die ISB-Systems GmbH pr\u00fcft und aktualisiert die Informationen auf ihren Webseiten st\u00e4ndig. Eine Haftung oder Garantie f\u00fcr die Aktualit\u00e4t, Richtigkeit und Vollst\u00e4ndigkeit der zur Verf\u00fcgung gestellten Informationen kann nicht \u00fcbernommen werden. Gleiches gilt auch f\u00fcr alle&#8230;<\/p>\n<p class=\"more-link\"><a href=\"https:\/\/isb-systems.com\/?page_id=43\" class=\"\"><span>Read More<\/span><i>&#43;<\/i><\/a><\/p>\n","protected":false},"author":1,"featured_media":0,"parent":0,"menu_order":0,"comment_status":"closed","ping_status":"closed","template":"","meta":{"footnotes":""},"categories":[],"tags":[],"class_list":["post-43","page","type-page","status-publish","hentry"],"_links":{"self":[{"href":"https:\/\/isb-systems.com\/index.php?rest_route=\/wp\/v2\/pages\/43","targetHints":{"allow":["GET"]}}],"collection":[{"href":"https:\/\/isb-systems.com\/index.php?rest_route=\/wp\/v2\/pages"}],"about":[{"href":"https:\/\/isb-systems.com\/index.php?rest_route=\/wp\/v2\/types\/page"}],"author":[{"embeddable":true,"href":"https:\/\/isb-systems.com\/index.php?rest_route=\/wp\/v2\/users\/1"}],"replies":[{"embeddable":true,"href":"https:\/\/isb-systems.com\/index.php?rest_route=%2Fwp%2Fv2%2Fcomments&post=43"}],"version-history":[{"count":13,"href":"https:\/\/isb-systems.com\/index.php?rest_route=\/wp\/v2\/pages\/43\/revisions"}],"predecessor-version":[{"id":230,"href":"https:\/\/isb-systems.com\/index.php?rest_route=\/wp\/v2\/pages\/43\/revisions\/230"}],"wp:attachment":[{"href":"https:\/\/isb-systems.com\/index.php?rest_route=%2Fwp%2Fv2%2Fmedia&parent=43"}],"wp:term":[{"taxonomy":"category","embeddable":true,"href":"https:\/\/isb-systems.com\/index.php?rest_route=%2Fwp%2Fv2%2Fcategories&post=43"},{"taxonomy":"post_tag","embeddable":true,"href":"https:\/\/isb-systems.com\/index.php?rest_route=%2Fwp%2Fv2%2Ftags&post=43"}],"curies":[{"name":"wp","href":"https:\/\/api.w.org\/{rel}","templated":true}]}}