{"id":867,"date":"2017-08-14T05:40:10","date_gmt":"2017-08-14T05:40:10","guid":{"rendered":"http:\/\/isb-systems.com\/?page_id=867"},"modified":"2018-01-10T09:15:35","modified_gmt":"2018-01-10T09:15:35","slug":"qualitaet","status":"publish","type":"page","link":"https:\/\/isb-systems.com\/?page_id=867","title":{"rendered":"Qualit\u00e4t"},"content":{"rendered":"<p>Beschreibung der Qualit\u00e4t<\/p>\n<p>Qualit\u00e4t<\/p>\n<p>Durch die sorgf\u00e4ltige Auswahl unserer Lieferanten und Systempartner aber auch regelm\u00e4\u00dfige Qualit\u00e4tskontrollen stellen wir sicher, dass wir immer hochwertige und besonders zuverl\u00e4ssige Produkte unseren Kunden anbieten k\u00f6nnen. Unser Qualit\u00e4tsanspruch ist auf die Vermeidung von Fehlern und die st\u00e4ndige Verbesserung der Qualit\u00e4t unserer Produkte und Dienstleistungen ausgerichtet. <\/p>\n<p>Nachhaltigkeit<\/p>\n<p>Nachhaltigkeit und lange Lebensdauer sind ein wichtiges Kriterium f\u00fcr die Entwicklung und Produktion unserer Produkte.\u00a0<br \/>\nEs steht ausser Frage, dass Nachhaltigkeit, Umweltbewusstsein und Ressourcenschonung eine gesellschaftliche Verpflichtung ist, die wir annehmen und Verantwortungsvoll \u00fcbernehmen.<\/p>\n","protected":false},"excerpt":{"rendered":"<p>Beschreibung der Qualit\u00e4t Qualit\u00e4t Durch die sorgf\u00e4ltige Auswahl unserer Lieferanten und Systempartner aber auch regelm\u00e4\u00dfige Qualit\u00e4tskontrollen stellen wir sicher, dass wir immer hochwertige und besonders zuverl\u00e4ssige Produkte unseren Kunden anbieten k\u00f6nnen. Unser Qualit\u00e4tsanspruch ist auf die Vermeidung von Fehlern und die st\u00e4ndige Verbesserung der Qualit\u00e4t unserer Produkte und Dienstleistungen ausgerichtet. Nachhaltigkeit Nachhaltigkeit und lange Lebensdauer&#8230;<\/p>\n<p class=\"more-link\"><a href=\"https:\/\/isb-systems.com\/?page_id=867\" class=\"\"><span>Read More<\/span><i>&#43;<\/i><\/a><\/p>\n","protected":false},"author":1,"featured_media":0,"parent":0,"menu_order":0,"comment_status":"closed","ping_status":"closed","template":"","meta":{"footnotes":""},"categories":[],"tags":[],"class_list":["post-867","page","type-page","status-publish","hentry"],"_links":{"self":[{"href":"https:\/\/isb-systems.com\/index.php?rest_route=\/wp\/v2\/pages\/867","targetHints":{"allow":["GET"]}}],"collection":[{"href":"https:\/\/isb-systems.com\/index.php?rest_route=\/wp\/v2\/pages"}],"about":[{"href":"https:\/\/isb-systems.com\/index.php?rest_route=\/wp\/v2\/types\/page"}],"author":[{"embeddable":true,"href":"https:\/\/isb-systems.com\/index.php?rest_route=\/wp\/v2\/users\/1"}],"replies":[{"embeddable":true,"href":"https:\/\/isb-systems.com\/index.php?rest_route=%2Fwp%2Fv2%2Fcomments&post=867"}],"version-history":[{"count":3,"href":"https:\/\/isb-systems.com\/index.php?rest_route=\/wp\/v2\/pages\/867\/revisions"}],"predecessor-version":[{"id":2328,"href":"https:\/\/isb-systems.com\/index.php?rest_route=\/wp\/v2\/pages\/867\/revisions\/2328"}],"wp:attachment":[{"href":"https:\/\/isb-systems.com\/index.php?rest_route=%2Fwp%2Fv2%2Fmedia&parent=867"}],"wp:term":[{"taxonomy":"category","embeddable":true,"href":"https:\/\/isb-systems.com\/index.php?rest_route=%2Fwp%2Fv2%2Fcategories&post=867"},{"taxonomy":"post_tag","embeddable":true,"href":"https:\/\/isb-systems.com\/index.php?rest_route=%2Fwp%2Fv2%2Ftags&post=867"}],"curies":[{"name":"wp","href":"https:\/\/api.w.org\/{rel}","templated":true}]}}