{"id":869,"date":"2017-08-14T05:42:39","date_gmt":"2017-08-14T05:42:39","guid":{"rendered":"http:\/\/isb-systems.com\/?page_id=869"},"modified":"2018-01-10T12:44:28","modified_gmt":"2018-01-10T12:44:28","slug":"unternehmen","status":"publish","type":"page","link":"https:\/\/isb-systems.com\/?page_id=869","title":{"rendered":"Unternehmen"},"content":{"rendered":"<p>Die ISB-Systems GmbH hat sich 2017 spezialisiert auf Herstellung, Handel und Vertrieb von<br \/>\nRettungszeichenleuchten, Sicherheitsleuchten und Zentrale Stromversorgungssysteme.<\/p>\n<p>Hochwertige Produkte und deren st\u00e4ndige Weiterentwicklung sind f\u00fcr uns Motor und Antrieb das Gute noch besser zu machen.<\/p>\n<p>Eine sorgf\u00e4ltige Auswahl der Lieferanten und regelm\u00e4\u00dfige Qualit\u00e4tskontrollen stellen wir sicher,<br \/>\ndass unsere Produkte den h\u00f6chsten Anforderungen unserer Kunden stets erf\u00fcllen.<\/p>\n<p>Sonderl\u00f6sungen und Service sind f\u00fcr uns keine Fremdworte. <\/p>\n<p>Hochwertige Komponenten und Nachhaltigkeit bei der Auswahl der Zulieferer stehen f\u00fcr lange Lebensdauer unserer Produkte.<\/p>\n<p>ISB-Systems steht auch f\u00fcr Planungsunterst\u00fctzung und Kompetente Beratung bis hin zu Kundenspezifischen L\u00f6sungen.<\/p>\n","protected":false},"excerpt":{"rendered":"<p>Die ISB-Systems GmbH hat sich 2017 spezialisiert auf Herstellung, Handel und Vertrieb von Rettungszeichenleuchten, Sicherheitsleuchten und Zentrale Stromversorgungssysteme. Hochwertige Produkte und deren st\u00e4ndige Weiterentwicklung sind f\u00fcr uns Motor und Antrieb das Gute noch besser zu machen. Eine sorgf\u00e4ltige Auswahl der Lieferanten und regelm\u00e4\u00dfige Qualit\u00e4tskontrollen stellen wir sicher, dass unsere Produkte den h\u00f6chsten Anforderungen unserer Kunden&#8230;<\/p>\n<p class=\"more-link\"><a href=\"https:\/\/isb-systems.com\/?page_id=869\" class=\"\"><span>Read More<\/span><i>&#43;<\/i><\/a><\/p>\n","protected":false},"author":1,"featured_media":0,"parent":0,"menu_order":0,"comment_status":"closed","ping_status":"closed","template":"","meta":{"footnotes":""},"categories":[],"tags":[],"class_list":["post-869","page","type-page","status-publish","hentry"],"_links":{"self":[{"href":"https:\/\/isb-systems.com\/index.php?rest_route=\/wp\/v2\/pages\/869","targetHints":{"allow":["GET"]}}],"collection":[{"href":"https:\/\/isb-systems.com\/index.php?rest_route=\/wp\/v2\/pages"}],"about":[{"href":"https:\/\/isb-systems.com\/index.php?rest_route=\/wp\/v2\/types\/page"}],"author":[{"embeddable":true,"href":"https:\/\/isb-systems.com\/index.php?rest_route=\/wp\/v2\/users\/1"}],"replies":[{"embeddable":true,"href":"https:\/\/isb-systems.com\/index.php?rest_route=%2Fwp%2Fv2%2Fcomments&post=869"}],"version-history":[{"count":3,"href":"https:\/\/isb-systems.com\/index.php?rest_route=\/wp\/v2\/pages\/869\/revisions"}],"predecessor-version":[{"id":2330,"href":"https:\/\/isb-systems.com\/index.php?rest_route=\/wp\/v2\/pages\/869\/revisions\/2330"}],"wp:attachment":[{"href":"https:\/\/isb-systems.com\/index.php?rest_route=%2Fwp%2Fv2%2Fmedia&parent=869"}],"wp:term":[{"taxonomy":"category","embeddable":true,"href":"https:\/\/isb-systems.com\/index.php?rest_route=%2Fwp%2Fv2%2Fcategories&post=869"},{"taxonomy":"post_tag","embeddable":true,"href":"https:\/\/isb-systems.com\/index.php?rest_route=%2Fwp%2Fv2%2Ftags&post=869"}],"curies":[{"name":"wp","href":"https:\/\/api.w.org\/{rel}","templated":true}]}}